{"id":39,"date":"2013-07-15T08:15:58","date_gmt":"2013-07-15T08:15:58","guid":{"rendered":"http:\/\/vojtechspacil.cz\/?page_id=39"},"modified":"2022-07-10T19:01:31","modified_gmt":"2022-07-10T19:01:31","slug":"mobilni-fotoatelier","status":"publish","type":"page","link":"https:\/\/vojtechspacil.cz\/?page_id=39","title":{"rendered":"Mobiln\u00ed fotoateli\u00e9r"},"content":{"rendered":"<div class=\"services row-fluid\"><div class=\"span3\"><div class=\"service\"><h2 class='service-name'>Zavol\u00e1te<\/h2><div  class=\"service-icon\"><img decoding=\"async\" src=\"https:\/\/vojtechspacil.cz\/wp-content\/uploads\/2014\/03\/phone.jpg\" alt=\"Zavol\u00e1te\" \/><div class=\"service-mask\"><\/div><div class=\"icon icon-mobile\"><\/div><\/div><div class=\"service-content\"><br \/>\nZavolejte nebo napi\u0161te, r\u00e1di se s V\u00e1mi domluv\u00edme a spole\u010dne vymysl\u00edme, jak V\u00e1m co nejl\u00e9pe pomoci k co nejlep\u0161\u00edm fotografi\u00edm.<br \/>\n<\/div><\/div><\/div><div class=\"span3\"><div class=\"service\"><h2 class='service-name'>P\u0159ijedeme<\/h2><div  class=\"service-icon\"><img decoding=\"async\" src=\"https:\/\/vojtechspacil.cz\/wp-content\/uploads\/2014\/03\/auto2.jpg\" alt=\"P\u0159ijedeme\" \/><div class=\"service-mask\"><\/div><div class=\"icon icon-globe\"><\/div><\/div><div class=\"service-content\"><br \/>\nP\u0159ijedeme kamkoliv si budete p\u0159\u00e1t, neomezujeme se pouze na \u010ceskou republiku, r\u00e1di zav\u00edt\u00e1me i za hranice.<br \/>\n<\/div><\/div><\/div><div class=\"span3\"><div class=\"service\"><h2 class='service-name'>Vyfot\u00edme<\/h2><div  class=\"service-icon\"><img decoding=\"async\" src=\"https:\/\/vojtechspacil.cz\/wp-content\/uploads\/2014\/03\/foto.jpg\" alt=\"Vyfot\u00edme\" \/><div class=\"service-mask\"><\/div><div class=\"icon icon-camera\"><\/div><\/div><div class=\"service-content\"><br \/>\nFot\u00edme s profesion\u00e1ln\u00ed technikou od firmy Canon.<br \/>\n<\/div><\/div><\/div><div class=\"span3\"><div class=\"service\"><h2 class='service-name'>Vytiskneme<\/h2><div  class=\"service-icon\"><img decoding=\"async\" src=\"https:\/\/vojtechspacil.cz\/wp-content\/uploads\/2015\/11\/tiskarna-rx1.jpg\" alt=\"Vytiskneme\" \/><div class=\"service-mask\"><\/div><div class=\"icon icon-print\"><\/div><\/div><div class=\"service-content\"><br \/>\nNa po\u010dk\u00e1n\u00ed vytiskneme Va\u0161e fotografie na termosublima\u010dn\u00edch tisk\u00e1rn\u00e1ch DNP, jejich\u017e technologie zaru\u010duje maxin\u00e1ln\u00ed kvalitu a trvanlivost fotografi\u00ed.<br \/>\n<\/div><\/div><\/div><\/div>\n<div class=\"horizontal-break\"><\/div>\n<div class=\"row-fluid\"><div class=\"span8\"><br \/>\nNev\u00e1hejte vyu\u017e\u00edt slu\u017ebu <strong>mobiln\u00ed fotoateli\u00e9r<\/strong>. Nab\u00edz\u00edme vytvo\u0159en\u00ed profesion\u00e1ln\u00edho foto koutku v m\u00edst\u011b kon\u00e1n\u00ed Va\u0161\u00ed akce. B\u011bhem chvilky V\u00e1m vytvo\u0159\u00edme luxusn\u00ed portr\u00e9t \u010di skupinovou fotografii, kterou si d\u00edky speci\u00e1ln\u00ed tisk\u00e1rn\u011b odnesete s sebou. Fotky z foto koutku n\u00e1sledn\u011b poskytneme i v digit\u00e1ln\u00ed podob\u011b. Je mo\u017en\u00e9 tak\u00e9 nav\u00e1zat na t\u00e9matick\u00e9 nebo reklamn\u00ed ve\u010dery pou\u017eit\u00edm rekvizit, vybran\u00fdch pozad\u00ed pop\u0159. um\u00edstit na fotografie firemn\u00ed logo. Ide\u00e1ln\u00ed pro firemn\u00ed p\u00e1rty, svatby, brandingov\u00e9 aktivity a ve\u0161ker\u00e9 spole\u010densk\u00e9 akce i pro d\u011bti.<br \/>\n<\/div><div class=\"span4\"><br \/>\n<strong>Reference:<\/strong><br \/>\nQUIX, s.r.o.<br \/>\nRoyal Party Servis s.r.o.<br \/>\nMotorola Solution CZ s.r.o.<br \/>\nPivovar Starobrno<br \/>\nHeineken \u010cesk\u00e1 republika, a.s.<br \/>\nHARTMANN &#8211; RICO a.s.<br \/>\nRE\/MAX \u010cesk\u00e1 republika<br \/>\nLobster Family Restaurant Olomouc<br \/>\nCharita Z\u00e1b\u0159eh<br \/>\n<\/div><\/div>\n<div class=\"horizontal-break\"><\/div>\n<div id='gallery-1' class='gallery gallery--link-to-file galleryid-39 gallery-columns-3 gallery-size-thumbnail'><figure class='gallery-item'>\n\t\t\t<div class='gallery-icon landscape'>\n\t\t\t\t<a href='https:\/\/vojtechspacil.cz\/wp-content\/uploads\/2013\/07\/ples-sgo-olomouc-backstage-jpg.webp'><img loading=\"lazy\" decoding=\"async\" width=\"500\" height=\"500\" src=\"https:\/\/vojtechspacil.cz\/wp-content\/uploads\/2013\/07\/ples-sgo-olomouc-backstage-500x500.jpg\" class=\"attachment-thumbnail size-thumbnail\" alt=\"\" aria-describedby=\"gallery-1-573\" \/><\/a>\n\t\t\t<\/div>\n\t\t\t\t<figcaption class='wp-caption-text gallery-caption' id='gallery-1-573'>\n\t\t\t\tPles SGO Olomouc\n\t\t\t\t<\/figcaption><\/figure><figure class='gallery-item'>\n\t\t\t<div class='gallery-icon landscape'>\n\t\t\t\t<a href='https:\/\/vojtechspacil.cz\/wp-content\/uploads\/2013\/07\/promo-starobrno-backstage-jpg.webp'><img loading=\"lazy\" decoding=\"async\" width=\"500\" height=\"500\" src=\"https:\/\/vojtechspacil.cz\/wp-content\/uploads\/2013\/07\/promo-starobrno-backstage-500x500.jpg\" class=\"attachment-thumbnail size-thumbnail\" alt=\"\" aria-describedby=\"gallery-1-575\" \/><\/a>\n\t\t\t<\/div>\n\t\t\t\t<figcaption class='wp-caption-text gallery-caption' id='gallery-1-575'>\n\t\t\t\tPromo Starobrno\n\t\t\t\t<\/figcaption><\/figure><figure class='gallery-item'>\n\t\t\t<div class='gallery-icon landscape'>\n\t\t\t\t<a href='https:\/\/vojtechspacil.cz\/wp-content\/uploads\/2013\/07\/promo-heineken5-backstage-jpg.webp'><img loading=\"lazy\" decoding=\"async\" width=\"500\" height=\"500\" src=\"https:\/\/vojtechspacil.cz\/wp-content\/uploads\/2013\/07\/promo-heineken5-backstage-500x500.jpg\" class=\"attachment-thumbnail size-thumbnail\" alt=\"\" aria-describedby=\"gallery-1-574\" \/><\/a>\n\t\t\t<\/div>\n\t\t\t\t<figcaption class='wp-caption-text gallery-caption' id='gallery-1-574'>\n\t\t\t\tPromo Heineken\n\t\t\t\t<\/figcaption><\/figure><figure class='gallery-item'>\n\t\t\t<div class='gallery-icon landscape'>\n\t\t\t\t<a href='https:\/\/vojtechspacil.cz\/wp-content\/uploads\/2013\/07\/IMG_0128-jpg.webp'><img loading=\"lazy\" decoding=\"async\" width=\"500\" height=\"500\" src=\"https:\/\/vojtechspacil.cz\/wp-content\/uploads\/2013\/07\/IMG_0128-500x500.jpg\" class=\"attachment-thumbnail size-thumbnail\" alt=\"\" aria-describedby=\"gallery-1-1361\" \/><\/a>\n\t\t\t<\/div>\n\t\t\t\t<figcaption class='wp-caption-text gallery-caption' id='gallery-1-1361'>\n\t\t\t\tFiremn\u00ed ve\u010d\u00edrek Lobster Family Restaurant\n\t\t\t\t<\/figcaption><\/figure><figure class='gallery-item'>\n\t\t\t<div class='gallery-icon landscape'>\n\t\t\t\t<a href='https:\/\/vojtechspacil.cz\/wp-content\/uploads\/2013\/07\/IMG_8236-jpg.webp'><img loading=\"lazy\" decoding=\"async\" width=\"500\" height=\"500\" src=\"https:\/\/vojtechspacil.cz\/wp-content\/uploads\/2013\/07\/IMG_8236-500x500.jpg\" class=\"attachment-thumbnail size-thumbnail\" alt=\"\" aria-describedby=\"gallery-1-1362\" \/><\/a>\n\t\t\t<\/div>\n\t\t\t\t<figcaption class='wp-caption-text gallery-caption' id='gallery-1-1362'>\n\t\t\t\tPles CGNR Olomouc\n\t\t\t\t<\/figcaption><\/figure><figure class='gallery-item'>\n\t\t\t<div class='gallery-icon landscape'>\n\t\t\t\t<a href='https:\/\/vojtechspacil.cz\/wp-content\/uploads\/2013\/07\/ples-charita-zabreh-2016-080-jpg.webp'><img loading=\"lazy\" decoding=\"async\" width=\"500\" height=\"500\" src=\"https:\/\/vojtechspacil.cz\/wp-content\/uploads\/2013\/07\/ples-charita-zabreh-2016-080-500x500.jpg\" class=\"attachment-thumbnail size-thumbnail\" alt=\"\" aria-describedby=\"gallery-1-1363\" \/><\/a>\n\t\t\t<\/div>\n\t\t\t\t<figcaption class='wp-caption-text gallery-caption' id='gallery-1-1363'>\n\t\t\t\tPles Charity Z\u00e1b\u0159eh\n\t\t\t\t<\/figcaption><\/figure>\n\t\t<\/div>\n\n","protected":false},"excerpt":{"rendered":"<div class=\"wrap-excerpt-more\"><a class=\"excerpt-more\" href=\"https:\/\/vojtechspacil.cz\/?page_id=39\">Read more<\/a><\/div>\n","protected":false},"author":1,"featured_media":0,"parent":0,"menu_order":0,"comment_status":"closed","ping_status":"closed","template":"template-full-width.php","meta":{"footnotes":""},"class_list":["post-39","page","type-page","status-publish","hentry","post--no-featured-image"],"_links":{"self":[{"href":"https:\/\/vojtechspacil.cz\/index.php?rest_route=\/wp\/v2\/pages\/39","targetHints":{"allow":["GET"]}}],"collection":[{"href":"https:\/\/vojtechspacil.cz\/index.php?rest_route=\/wp\/v2\/pages"}],"about":[{"href":"https:\/\/vojtechspacil.cz\/index.php?rest_route=\/wp\/v2\/types\/page"}],"author":[{"embeddable":true,"href":"https:\/\/vojtechspacil.cz\/index.php?rest_route=\/wp\/v2\/users\/1"}],"replies":[{"embeddable":true,"href":"https:\/\/vojtechspacil.cz\/index.php?rest_route=%2Fwp%2Fv2%2Fcomments&post=39"}],"version-history":[{"count":36,"href":"https:\/\/vojtechspacil.cz\/index.php?rest_route=\/wp\/v2\/pages\/39\/revisions"}],"predecessor-version":[{"id":3521,"href":"https:\/\/vojtechspacil.cz\/index.php?rest_route=\/wp\/v2\/pages\/39\/revisions\/3521"}],"wp:attachment":[{"href":"https:\/\/vojtechspacil.cz\/index.php?rest_route=%2Fwp%2Fv2%2Fmedia&parent=39"}],"curies":[{"name":"wp","href":"https:\/\/api.w.org\/{rel}","templated":true}]}}